{"id":8,"date":"2022-01-10T14:41:30","date_gmt":"2022-01-10T16:41:30","guid":{"rendered":"http:\/\/localhost\/dspro.com.br\/?page_id=8"},"modified":"2023-01-12T18:46:11","modified_gmt":"2023-01-12T21:46:11","slug":"quem-somos","status":"publish","type":"page","link":"https:\/\/dspro.com.br\/pt-br\/quem-somos\/","title":{"rendered":"Quem Somos"},"content":{"rendered":"\n<p>A DSPRO foi fundada em 2008 com uma proposta de desenvolver e fabricar produtos inovadores para o mercado de \u00e1udio profissional.<\/p>\n\n\n\n<p>Contando com uma equipe de pesquisa com experi\u00eancia no desenvolvimento de produtos de padr\u00e3o internacional, a DSPRO oferece ao mercado produtos de alto desempenho e confiabilidade.<\/p>\n\n\n\n<p>Em 2009, a empresa lan\u00e7ou o primeiro multicabo digital totalmente desenvolvido no Brasil: O DSnake. A linha conta com a mais avan\u00e7ada tecnologia em digitaliza\u00e7\u00e3o e transmiss\u00e3o de \u00e1udio e \u00e9 produzida num moderno sistema de montagem com rigoroso padr\u00e3o de qualidade.<\/p>\n\n\n\n<p>Ao final de 2015 a empresa graduou-se na Incubadora Tecnol\u00f3gica CIENTEC, e a partir de 2016 passa a operar de sua nova sede, em Porto Alegre.<\/p>\n\n\n\n<figure class=\"wp-block-image size-large\"><img loading=\"lazy\" decoding=\"async\" width=\"680\" height=\"265\" src=\"https:\/\/s3.dspro.com.br\/wp-content\/uploads\/2022\/08\/Logo_dspro_70_v2_simbolo.png\" alt=\"\" class=\"wp-image-441\" srcset=\"https:\/\/dspro.com.br\/wp-content\/uploads\/2022\/08\/Logo_dspro_70_v2_simbolo.png 680w, https:\/\/dspro.com.br\/wp-content\/uploads\/2022\/08\/Logo_dspro_70_v2_simbolo-300x117.png 300w, https:\/\/dspro.com.br\/wp-content\/uploads\/2022\/08\/Logo_dspro_70_v2_simbolo-100x39.png 100w\" sizes=\"auto, (max-width: 680px) 100vw, 680px\" \/><\/figure>\n","protected":false},"excerpt":{"rendered":"<p>A DSPRO foi fundada em 2008 com uma proposta de desenvolver e fabricar produtos inovadores para o mercado de \u00e1udio profissional. Contando com uma equipe de pesquisa com experi\u00eancia no desenvolvimento de produtos de padr\u00e3o internacional, a DSPRO oferece ao mercado produtos de alto desempenho e confiabilidade. Em 2009, a empresa lan\u00e7ou o primeiro multicabo [&hellip;]<\/p>\n","protected":false},"author":3,"featured_media":0,"parent":0,"menu_order":0,"comment_status":"closed","ping_status":"closed","template":"tpl-quem-somos.php","meta":{"footnotes":""},"class_list":["post-8","page","type-page","status-publish","hentry"],"_links":{"self":[{"href":"https:\/\/dspro.com.br\/pt-br\/wp-json\/wp\/v2\/pages\/8","targetHints":{"allow":["GET"]}}],"collection":[{"href":"https:\/\/dspro.com.br\/pt-br\/wp-json\/wp\/v2\/pages"}],"about":[{"href":"https:\/\/dspro.com.br\/pt-br\/wp-json\/wp\/v2\/types\/page"}],"author":[{"embeddable":true,"href":"https:\/\/dspro.com.br\/pt-br\/wp-json\/wp\/v2\/users\/3"}],"replies":[{"embeddable":true,"href":"https:\/\/dspro.com.br\/pt-br\/wp-json\/wp\/v2\/comments?post=8"}],"version-history":[{"count":19,"href":"https:\/\/dspro.com.br\/pt-br\/wp-json\/wp\/v2\/pages\/8\/revisions"}],"predecessor-version":[{"id":538,"href":"https:\/\/dspro.com.br\/pt-br\/wp-json\/wp\/v2\/pages\/8\/revisions\/538"}],"wp:attachment":[{"href":"https:\/\/dspro.com.br\/pt-br\/wp-json\/wp\/v2\/media?parent=8"}],"curies":[{"name":"wp","href":"https:\/\/api.w.org\/{rel}","templated":true}]}}